{"id":17894,"date":"2021-10-27T11:00:21","date_gmt":"2021-10-27T10:00:21","guid":{"rendered":"https:\/\/www.onzfi.cm\/?page_id=17894"},"modified":"2021-11-02T10:20:50","modified_gmt":"2021-11-02T09:20:50","slug":"office","status":"publish","type":"page","link":"https:\/\/www.onzfi.org\/index.php\/office\/","title":{"rendered":"A-Office"},"content":{"rendered":"\t\t<div data-elementor-type=\"wp-page\" data-elementor-id=\"17894\" class=\"elementor elementor-17894\" data-elementor-settings=\"[]\">\n\t\t\t\t\t\t\t<div class=\"elementor-section-wrap\">\n\t\t\t\t\t\t\t<section class=\"elementor-section elementor-top-section elementor-element elementor-element-f07aabc elementor-section-full_width elementor-section-height-default elementor-section-height-default\" data-id=\"f07aabc\" data-element_type=\"section\">\n\t\t\t\t\t\t<div class=\"elementor-container elementor-column-gap-default\">\n\t\t\t\t\t<div class=\"elementor-column elementor-col-16 elementor-top-column elementor-element elementor-element-5eca8d0\" data-id=\"5eca8d0\" data-element_type=\"column\">\n\t\t\t<div class=\"elementor-widget-wrap\">\n\t\t\t\t\t\t\t\t\t<\/div>\n\t\t<\/div>\n\t\t\t\t<div class=\"elementor-column elementor-col-66 elementor-top-column elementor-element elementor-element-ac19d00\" data-id=\"ac19d00\" data-element_type=\"column\">\n\t\t\t<div class=\"elementor-widget-wrap elementor-element-populated\">\n\t\t\t\t\t\t\t\t<div class=\"elementor-element elementor-element-2514218 elementor-widget elementor-widget-spacer\" data-id=\"2514218\" data-element_type=\"widget\" data-widget_type=\"spacer.default\">\n\t\t\t\t<div class=\"elementor-widget-container\">\n\t\t\t\t\t<div class=\"elementor-spacer\">\n\t\t\t<div class=\"elementor-spacer-inner\"><\/div>\n\t\t<\/div>\n\t\t\t\t<\/div>\n\t\t\t\t<\/div>\n\t\t\t\t<div class=\"elementor-element elementor-element-f45fea0 elementor-widget elementor-widget-heading\" data-id=\"f45fea0\" data-element_type=\"widget\" data-widget_type=\"heading.default\">\n\t\t\t\t<div class=\"elementor-widget-container\">\n\t\t\t<h2 class=\"elementor-heading-title elementor-size-default\">L'ONZFI en bref<\/h2>\t\t<\/div>\n\t\t\t\t<\/div>\n\t\t\t\t<div class=\"elementor-element elementor-element-06ecdec elementor-widget elementor-widget-spacer\" data-id=\"06ecdec\" data-element_type=\"widget\" data-widget_type=\"spacer.default\">\n\t\t\t\t<div class=\"elementor-widget-container\">\n\t\t\t\t\t<div class=\"elementor-spacer\">\n\t\t\t<div class=\"elementor-spacer-inner\"><\/div>\n\t\t<\/div>\n\t\t\t\t<\/div>\n\t\t\t\t<\/div>\n\t\t\t\t\t<\/div>\n\t\t<\/div>\n\t\t\t\t<div class=\"elementor-column elementor-col-16 elementor-top-column elementor-element elementor-element-eed6688\" data-id=\"eed6688\" data-element_type=\"column\">\n\t\t\t<div class=\"elementor-widget-wrap\">\n\t\t\t\t\t\t\t\t\t<\/div>\n\t\t<\/div>\n\t\t\t\t\t\t\t<\/div>\n\t\t<\/section>\n\t\t\t\t<section class=\"elementor-section elementor-top-section elementor-element elementor-element-f312e25 elementor-section-boxed elementor-section-height-default elementor-section-height-default\" data-id=\"f312e25\" data-element_type=\"section\">\n\t\t\t\t\t\t<div class=\"elementor-container elementor-column-gap-default\">\n\t\t\t\t\t<div class=\"elementor-column elementor-col-33 elementor-top-column elementor-element elementor-element-d474208\" data-id=\"d474208\" data-element_type=\"column\">\n\t\t\t<div class=\"elementor-widget-wrap elementor-element-populated\">\n\t\t\t\t\t\t\t\t<div class=\"elementor-element elementor-element-499d36c elementor-widget elementor-widget-text-editor\" data-id=\"499d36c\" data-element_type=\"widget\" data-widget_type=\"text-editor.default\">\n\t\t\t\t<div class=\"elementor-widget-container\">\n\t\t\t\t\t<div class=\"elementor-text-editor elementor-clearfix\"><p><b>L\u2019Office National des Zones Franches Industrielles (ONZFI)<\/b> du Cameroun, est un groupement \u00e0 but non lucratif charg\u00e9 de superviser et d\u2019administrer le programme des zones franches industrielles au Cameroun. En tant qu\u2019organisme domin\u00e9 par le secteur priv\u00e9, l\u2019ONZFI peut v\u00e9ritablement fonctionner comme un organisme multi-services capable d\u2019exp\u00e9dier l\u2019approbation des investissements et les proc\u00e9dures douani\u00e8res et de r\u00e9pondre rapidement aux besoins des investisseurs de mani\u00e8re \u00e0 assurer la bonne gestion et l\u2019ex\u00e9cution du programme de ZFI.<\/p><\/div>\n\t\t\t\t<\/div>\n\t\t\t\t<\/div>\n\t\t\t\t\t<\/div>\n\t\t<\/div>\n\t\t\t\t<div class=\"elementor-column elementor-col-66 elementor-top-column elementor-element elementor-element-9dc2ce5\" data-id=\"9dc2ce5\" data-element_type=\"column\">\n\t\t\t<div class=\"elementor-widget-wrap elementor-element-populated\">\n\t\t\t\t\t\t\t\t<div class=\"elementor-element elementor-element-413fa41 elementor-widget elementor-widget-image\" data-id=\"413fa41\" data-element_type=\"widget\" data-widget_type=\"image.default\">\n\t\t\t\t<div class=\"elementor-widget-container\">\n\t\t\t\t\t<div class=\"elementor-image\">\n\t\t\t\t\t\t\t\t\t\t<img width=\"717\" height=\"407\" src=\"https:\/\/www.onzfi.org\/wp-content\/uploads\/2021\/04\/Onzfi_Office.png\" class=\"attachment-large size-large\" alt=\"\" loading=\"lazy\" \/>\t\t\t\t\t\t\t\t\t\t\t<\/div>\n\t\t\t\t<\/div>\n\t\t\t\t<\/div>\n\t\t\t\t\t<\/div>\n\t\t<\/div>\n\t\t\t\t\t\t\t<\/div>\n\t\t<\/section>\n\t\t\t\t<section data-egovenz-parallax-data=\"{&quot;parallax_ratio&quot;:&quot;4&quot;,&quot;parallax_image&quot;:&quot;&quot;}\" class=\"elementor-section elementor-top-section elementor-element elementor-element-4a42f06 elementor-section-boxed elementor-section-height-default elementor-section-height-default\" data-id=\"4a42f06\" data-element_type=\"section\">\n\t\t\t\t\t\t<div class=\"elementor-container elementor-column-gap-default\">\n\t\t\t\t\t<div class=\"elementor-column elementor-col-100 elementor-top-column elementor-element elementor-element-ce22848\" data-id=\"ce22848\" data-element_type=\"column\">\n\t\t\t<div class=\"elementor-widget-wrap elementor-element-populated\">\n\t\t\t\t\t\t\t\t<section class=\"elementor-section elementor-inner-section elementor-element elementor-element-0e1c2cb elementor-section-boxed elementor-section-height-default elementor-section-height-default\" data-id=\"0e1c2cb\" data-element_type=\"section\">\n\t\t\t\t\t\t<div class=\"elementor-container elementor-column-gap-default\">\n\t\t\t\t\t<div class=\"elementor-column elementor-col-50 elementor-inner-column elementor-element elementor-element-114ff06\" data-id=\"114ff06\" data-element_type=\"column\">\n\t\t\t<div class=\"elementor-widget-wrap elementor-element-populated\">\n\t\t\t\t\t\t\t\t<div class=\"elementor-element elementor-element-deced46 elementor-widget elementor-widget-text-editor\" data-id=\"deced46\" data-element_type=\"widget\" data-widget_type=\"text-editor.default\">\n\t\t\t\t<div class=\"elementor-widget-container\">\n\t\t\t\t\t<div class=\"elementor-text-editor elementor-clearfix\"><strong>L&rsquo;ONZFI a les attributions suivantes :<\/strong>\n\n<span style=\"font-weight: bolder; color: #2d9641;\">1) <\/span>Recevoir et examiner les demandes de statut de zone franche.\n\n<span style=\"font-weight: bolder; color: #2d9641;\">2)<\/span> Fournir au candidat un r\u00e9c\u00e9piss\u00e9 attestant que le dossier a \u00e9t\u00e9 re\u00e7u complet, ainsi que la date de sa r\u00e9ception.\n\n<span style=\"font-weight: bolder; color: #2d9641;\">3)<\/span> Soumettre le dossier complet au Ministre charg\u00e9 du D\u00e9veloppement Industriel dans les cinq (5) jours ouvrables suivant la date figurant sur le r\u00e9c\u00e9piss\u00e9.\n\n<span style=\"font-weight: bolder; color: #2d9641;\">4)<\/span> Notifier au candidat l&rsquo;arr\u00eat\u00e9 du ministre charg\u00e9 du d\u00e9veloppement industriel accordant le statut \u00e0 la zone sollicit\u00e9e.\n\n<span style=\"font-weight: bolder; color: #2d9641;\">5)<\/span> D\u00e9livrer la licence de promoteur et\/ou d&rsquo;exploitant apr\u00e8s examen d&rsquo;un dossier complet de demande qui lui a \u00e9t\u00e9 adress\u00e9 dans les zones g\u00e9ographiques ayant obtenu le statut de Zone Franche Industrielle\n\n<span style=\"font-weight: bolder; color: #2d9641;\">6)<\/span> statuer sur les dossiers de candidature des personnes priv\u00e9es ou publiques souhaitant obtenir le statut de soci\u00e9t\u00e9 ZFI et dans ce cas leur d\u00e9livrer l&rsquo;attestation de conformit\u00e9 ; retoucher et modifier le certificat de conformit\u00e9 \u00e0 la demande de son titulaire.\n\n<span style=\"font-weight: bolder; color: #2d9641;\">7)<\/span> Cr\u00e9er une repr\u00e9sentation au sein de chaque Zone Franche Industrielle pour d\u00e9livrer le certificat de conformit\u00e9 donnant droit au statut d&rsquo;entreprise dans ladite Zone.<\/div>\n\t\t\t\t<\/div>\n\t\t\t\t<\/div>\n\t\t\t\t\t<\/div>\n\t\t<\/div>\n\t\t\t\t<div class=\"elementor-column elementor-col-50 elementor-inner-column elementor-element elementor-element-3d4e360\" data-id=\"3d4e360\" data-element_type=\"column\">\n\t\t\t<div class=\"elementor-widget-wrap elementor-element-populated\">\n\t\t\t\t\t\t\t\t<div class=\"elementor-element elementor-element-f047cc9 elementor-widget elementor-widget-text-editor\" data-id=\"f047cc9\" data-element_type=\"widget\" data-widget_type=\"text-editor.default\">\n\t\t\t\t<div class=\"elementor-widget-container\">\n\t\t\t\t\t<div class=\"elementor-text-editor elementor-clearfix\"><p><span style=\"font-weight: bolder; color: #2d9641;\">8) <\/span>Mettre en place des proc\u00e9dures de r\u00e8glement \u00e0 l\u2019amiable des diff\u00e9rends entre promoteurs et entreprises ou entre chacun de ceux-ci et le service administratif.<\/p><p><span style=\"font-weight: bolder; color: #2d9641;\">9) <\/span>Constater les infractions \u00e0 la pr\u00e9sente ordonnance, fixer les amendes pour la r\u00e9pression des dites infractions et sanctionner les contrevenants.<\/p><p><span style=\"font-weight: bolder; color: #2d9641;\">10) <\/span>Suivre les performances et la croissance des Zones Franches Industrielles et publier p\u00e9riodiquement ses conclusions y compris toutes les donn\u00e9es statistiques utiles telles que les surfaces am\u00e9nag\u00e9es, les b\u00e2timents occup\u00e9s, les emplois cr\u00e9\u00e9s, les exportations brutes et nettes en de vises des entreprises des Zones Franches Industrielles.<\/p><p><span style=\"font-weight: bolder; color: #2d9641;\">11) <\/span>Etablir une proc\u00e9dure obligatoire et des crit\u00e8res sous la forme d\u2019un formulaire de demande standardis\u00e9, fix\u00e9s par son Conseil d\u2019Administration, \u00e0 appliquer par les parties priv\u00e9es ou publiques pour toute demande en vue de l\u2019obtention du statut de Zone Franche Industrielle ou de Point Franc Industriel pour une aire donn\u00e9e, du permis de promoteur, du permis d\u2019op\u00e9rateur et\/ou du certificat de conformit\u00e9.<\/p><\/div>\n\t\t\t\t<\/div>\n\t\t\t\t<\/div>\n\t\t\t\t\t<\/div>\n\t\t<\/div>\n\t\t\t\t\t\t\t<\/div>\n\t\t<\/section>\n\t\t\t\t\t<\/div>\n\t\t<\/div>\n\t\t\t\t\t\t\t<\/div>\n\t\t<\/section>\n\t\t\t\t<section class=\"elementor-section elementor-top-section elementor-element elementor-element-d8967c8 elementor-section-boxed elementor-section-height-default elementor-section-height-default\" data-id=\"d8967c8\" data-element_type=\"section\">\n\t\t\t\t\t\t<div class=\"elementor-container elementor-column-gap-default\">\n\t\t\t\t\t<div class=\"elementor-column elementor-col-100 elementor-top-column elementor-element elementor-element-9e94ac0\" data-id=\"9e94ac0\" data-element_type=\"column\">\n\t\t\t<div class=\"elementor-widget-wrap elementor-element-populated\">\n\t\t\t\t\t\t\t\t<div class=\"elementor-element elementor-element-f9117df elementor-widget elementor-widget-testimonial\" data-id=\"f9117df\" data-element_type=\"widget\" data-widget_type=\"testimonial.default\">\n\t\t\t\t<div class=\"elementor-widget-container\">\n\t\t\t\t\t<div class=\"elementor-testimonial-wrapper elementor-testimonial-text-align-center\">\n\t\t\t\t\t\t\t<div class=\"elementor-testimonial-content\">\u00a8L\u2019ONZFI contribue \u00e0 la mise sur pied d\u2019une strat\u00e9gie et d\u2019une politique nationales globales de d\u00e9veloppement des Zones Franches Industrielles au Cameroun\u00a8<\/div>\n\t\t\t\n\t\t\t\t\t\t<div class=\"elementor-testimonial-meta elementor-has-image elementor-testimonial-image-position-aside\">\n\t\t\t\t<div class=\"elementor-testimonial-meta-inner\">\n\t\t\t\t\t\t\t\t\t\t\t<div class=\"elementor-testimonial-image\">\n\t\t\t\t\t\t\t<a href=\"https:\/\/www.onzfi.cm\"><img width=\"223\" height=\"226\" src=\"https:\/\/www.onzfi.org\/wp-content\/uploads\/2021\/02\/onzfi-e1614085012869.jpg\" class=\"attachment-full size-full\" alt=\"\" loading=\"lazy\" srcset=\"https:\/\/www.onzfi.org\/wp-content\/uploads\/2021\/02\/onzfi-e1614085012869.jpg 223w, https:\/\/www.onzfi.org\/wp-content\/uploads\/2021\/02\/onzfi-e1614085012869-80x80.jpg 80w\" sizes=\"(max-width: 223px) 100vw, 223px\" \/><\/a>\t\t\t\t\t\t<\/div>\n\t\t\t\t\t\n\t\t\t\t\t\t\t\t\t\t<div class=\"elementor-testimonial-details\">\n\t\t\t\t\t\t\t\t\t\t\t\t\t\t<a class=\"elementor-testimonial-name\" href=\"https:\/\/www.onzfi.cm\">ONZFI<\/a>\n\t\t\t\t\t\t\t\t\t\t\t\t\t\t\t\t\t\t\t\t\t\t<a class=\"elementor-testimonial-job\" href=\"https:\/\/www.onzfi.cm\">Office Nationale des Zones Franches Industrielles<\/a>\n\t\t\t\t\t\t\t\t\t\t\t\t\t<\/div>\n\t\t\t\t\t\t\t\t\t<\/div>\n\t\t\t<\/div>\n\t\t\t\t\t<\/div>\n\t\t\t\t<\/div>\n\t\t\t\t<\/div>\n\t\t\t\t\t<\/div>\n\t\t<\/div>\n\t\t\t\t\t\t\t<\/div>\n\t\t<\/section>\n\t\t\t\t\t\t<\/div>\n\t\t\t\t\t<\/div>\n\t\t","protected":false},"excerpt":{"rendered":"<p>L&rsquo;ONZFI en bref L\u2019Office National des Zones Franches Industrielles (ONZFI) du Cameroun, est un groupement \u00e0 but non lucratif charg\u00e9 de superviser et d\u2019administrer le programme des zones franches industrielles au Cameroun. En tant qu\u2019organisme domin\u00e9 par le secteur priv\u00e9, l\u2019ONZFI peut v\u00e9ritablement fonctionner comme un organisme multi-services capable d\u2019exp\u00e9dier l\u2019approbation des investissements et les<\/p>\n","protected":false},"author":1,"featured_media":0,"parent":0,"menu_order":0,"comment_status":"closed","ping_status":"closed","template":"","meta":{"_bbp_topic_count":0,"_bbp_reply_count":0,"_bbp_total_topic_count":0,"_bbp_total_reply_count":0,"_bbp_voice_count":0,"_bbp_anonymous_reply_count":0,"_bbp_topic_count_hidden":0,"_bbp_reply_count_hidden":0,"_bbp_forum_subforum_count":0},"_links":{"self":[{"href":"https:\/\/www.onzfi.org\/index.php\/wp-json\/wp\/v2\/pages\/17894"}],"collection":[{"href":"https:\/\/www.onzfi.org\/index.php\/wp-json\/wp\/v2\/pages"}],"about":[{"href":"https:\/\/www.onzfi.org\/index.php\/wp-json\/wp\/v2\/types\/page"}],"author":[{"embeddable":true,"href":"https:\/\/www.onzfi.org\/index.php\/wp-json\/wp\/v2\/users\/1"}],"replies":[{"embeddable":true,"href":"https:\/\/www.onzfi.org\/index.php\/wp-json\/wp\/v2\/comments?post=17894"}],"version-history":[{"count":66,"href":"https:\/\/www.onzfi.org\/index.php\/wp-json\/wp\/v2\/pages\/17894\/revisions"}],"predecessor-version":[{"id":18363,"href":"https:\/\/www.onzfi.org\/index.php\/wp-json\/wp\/v2\/pages\/17894\/revisions\/18363"}],"wp:attachment":[{"href":"https:\/\/www.onzfi.org\/index.php\/wp-json\/wp\/v2\/media?parent=17894"}],"curies":[{"name":"wp","href":"https:\/\/api.w.org\/{rel}","templated":true}]}}