{"id":17529,"date":"2021-04-09T10:03:35","date_gmt":"2021-04-09T09:03:35","guid":{"rendered":"https:\/\/onzfi.cm\/staging\/?page_id=17529"},"modified":"2021-04-09T10:50:25","modified_gmt":"2021-04-09T09:50:25","slug":"onzfi-cmr-2","status":"publish","type":"page","link":"https:\/\/www.onzfi.org\/index.php\/onzfi-cmr-2\/","title":{"rendered":"A-ONZFI"},"content":{"rendered":"\t\t<div data-elementor-type=\"wp-page\" data-elementor-id=\"17529\" class=\"elementor elementor-17529\" data-elementor-settings=\"[]\">\n\t\t\t\t\t\t\t<div class=\"elementor-section-wrap\">\n\t\t\t\t\t\t\t<section class=\"elementor-section elementor-top-section elementor-element elementor-element-2e7f397 elementor-section-boxed elementor-section-height-default elementor-section-height-default\" data-id=\"2e7f397\" data-element_type=\"section\">\n\t\t\t\t\t\t<div class=\"elementor-container elementor-column-gap-default\">\n\t\t\t\t\t<div class=\"elementor-column elementor-col-16 elementor-top-column elementor-element elementor-element-ff90e71\" data-id=\"ff90e71\" data-element_type=\"column\">\n\t\t\t<div class=\"elementor-widget-wrap\">\n\t\t\t\t\t\t\t\t\t<\/div>\n\t\t<\/div>\n\t\t\t\t<div class=\"elementor-column elementor-col-66 elementor-top-column elementor-element elementor-element-6603a98\" data-id=\"6603a98\" data-element_type=\"column\">\n\t\t\t<div class=\"elementor-widget-wrap elementor-element-populated\">\n\t\t\t\t\t\t\t\t<div class=\"elementor-element elementor-element-ee0c7b4 elementor-widget elementor-widget-heading\" data-id=\"ee0c7b4\" data-element_type=\"widget\" data-widget_type=\"heading.default\">\n\t\t\t\t<div class=\"elementor-widget-container\">\n\t\t\t<h2 class=\"elementor-heading-title elementor-size-default\">L'ONZFI en bref<\/h2>\t\t<\/div>\n\t\t\t\t<\/div>\n\t\t\t\t<div class=\"elementor-element elementor-element-6447c94 elementor-widget elementor-widget-text-editor\" data-id=\"6447c94\" data-element_type=\"widget\" data-widget_type=\"text-editor.default\">\n\t\t\t\t<div class=\"elementor-widget-container\">\n\t\t\t\t\t<div class=\"elementor-text-editor elementor-clearfix\"><p><b>L\u2019Office National des Zones Franches Industrielles (ONZFI)<\/b> du Cameroun, est un organise \u00e0 but non lucratif charg\u00e9 de superviser et d\u2019administrer le programme des zones franches industrielles au Cameroun. En tant qu\u2019organisme domin\u00e9 par le secteur priv\u00e9, l\u2019ONZFI peut v\u00e9ritablement fonctionner comme un organisme multi-services capable d\u2019exp\u00e9dier l\u2019approbation des investissements et les proc\u00e9dures douani\u00e8res et de r\u00e9pondre rapidement aux besoins des investisseurs de mani\u00e8re \u00e0 assurer la bonne gestion et l\u2019ex\u00e9cution du programme de ZFI.<\/p><p>L&rsquo;Office national des zones franches industrielles est l&rsquo;organisme comp\u00e9tent pour approuver les projets d\u2019investissement, acc\u00e9l\u00e9rer les proc\u00e9dures douani\u00e8res et r\u00e9pondre rapidement aux besoins des investisseurs.<\/p><p><strong>L\u2019ONZFI a les attributions suivantes :<\/strong><\/p><p><span style=\"font-weight: bolder; color: #2d9641;\">1)\u00a0<\/span>recevoir et examiner les dossiers de demande du statut de Zone Franche Industrielle ou de Point Franc Industriel.\u00a0<\/p><p><span style=\"font-weight: bolder; color: #2d9641;\">2)\u00a0<\/span>d\u00e9livrer au candidat un r\u00e9c\u00e9piss\u00e9 attestant que le dossier est re\u00e7u complet, ainsi que la date de sa r\u00e9ception.<\/p><p><span style=\"font-weight: bolder; color: #2d9641;\">3)\u00a0<\/span>soumettre le dossier complet au Ministre charg\u00e9. du D\u00e9veloppement Industriel dans les cinq (5) jours ouvrables suivant la date figurant sur le r\u00e9c\u00e9piss\u00e9.<\/p><p><span style=\"font-weight: bolder; color: #2d9641;\">4)\u00a0<\/span>notifier au candidat l\u2019arr\u00eat\u00e9 du Ministre charg\u00e9 du D\u00e9veloppement Industriel accordant le statut \u00e0 l\u2019aire sollicit\u00e9e.<\/p><p><span style=\"font-weight: bolder; color: #2d9641;\">5)\u00a0<\/span>d\u00e9livre le permis de promoteur et\/ou d\u2019op\u00e9rateur apr\u00e8s examen d\u2019un dossier de demande com plet \u00e0 lui adress\u00e9 dans les aires g\u00e9ographiques ayant obtenu le statut de Zone Franche Industrielle<\/p><p><span style=\"font-weight: bolder; color: #2d9641;\">6)\u00a0<\/span>statuer sur les dossiers de demande \u00e9manant des parties priv\u00e9es ou publiques d\u00e9sireuses d\u2019obtenir le statut d\u2019 entreprise de la ZFI et leur accorder dans ce cas le certificat de conformit\u00e9; retoucher et modifier le certificat de conformit\u00e9 sur la demande de son titulaire.<\/p><p><span style=\"font-weight: bolder; color: #2d9641;\">7)\u00a0<\/span>cr\u00e9er une repr\u00e9sentation au sein de chaque Zone Franche Industrielle pour d\u00e9livrer le certificat de conformit\u00e9 donnant droit au statut d\u2019entreprise dans ladite Zone.<\/p><p><span style=\"font-weight: bolder; color: #2d9641;\">8)\u00a0<\/span>mettre en place des proc\u00e9dures de r\u00e8glement \u00e0 l\u2019amiable des diff\u00e9rends entre promoteurs et entreprises ou entre chacun de ceux-ci et le service administratif.<\/p><p><span style=\"font-weight: bolder; color: #2d9641;\">9)\u00a0<\/span>constater les infractions \u00e0 la pr\u00e9sente ordonnance, fixer les amendes pour la repression des dites infractions et sanctionner les contrevenants.<\/p><p><span style=\"font-weight: bolder; color: #2d9641;\">10)\u00a0<\/span>suivre les performances et la croissance des Zones Franches Industrielles et publier p\u00e9rio diquement ses conclusions y compris toutes les donn\u00e9es statistiques utiles telles que les surfaces am\u00e9nag\u00e9es, les b\u00e2timents occup\u00e9s, les emplois cr\u00e9\u00e9s, les exportations brutes et nettes en de vises des entreprises des Zones Franches Industrielles.<\/p><p><span style=\"font-weight: bolder; color: #2d9641;\">11)\u00a0<\/span>\u00e9tablir une proc\u00e9dure obligatoire et des crit\u00e8res sous la forme d\u2019un formulaire de demande standardis\u00e9, fix\u00e9s par son Conseil d\u2019Administration, \u00e0 appliquer par les parties priv\u00e9es ou pu bliques pour toute demande en vue de l\u2019obtention du statut de Zone Franche Industrielle ou de Point Franc Industriel pour une aire donn\u00e9e, du permis de promoteur, du permis d\u2019op\u00e9rateur et\/ou du certificat de conformit\u00e9.<\/p><p><b>L\u2019ONZFI contribue \u00e0 la mise sur pied d\u2019une strat\u00e9gie et d\u2019une politique nationales globales de d\u00e9veloppement des Zones Franches Industrielles au Cameroun.<\/b><\/p><\/div>\n\t\t\t\t<\/div>\n\t\t\t\t<\/div>\n\t\t\t\t<div class=\"elementor-element elementor-element-c966628 elementor-widget elementor-widget-image\" data-id=\"c966628\" data-element_type=\"widget\" data-widget_type=\"image.default\">\n\t\t\t\t<div class=\"elementor-widget-container\">\n\t\t\t\t\t<div class=\"elementor-image\">\n\t\t\t\t\t\t\t\t\t\t<img width=\"694\" height=\"457\" src=\"https:\/\/www.onzfi.org\/wp-content\/uploads\/2021\/04\/30-ONZFFI-9.jpg\" class=\"attachment-large size-large\" alt=\"\" loading=\"lazy\" \/>\t\t\t\t\t\t\t\t\t\t\t<\/div>\n\t\t\t\t<\/div>\n\t\t\t\t<\/div>\n\t\t\t\t\t<\/div>\n\t\t<\/div>\n\t\t\t\t<div class=\"elementor-column elementor-col-16 elementor-top-column elementor-element elementor-element-29889f6\" data-id=\"29889f6\" data-element_type=\"column\">\n\t\t\t<div class=\"elementor-widget-wrap\">\n\t\t\t\t\t\t\t\t\t<\/div>\n\t\t<\/div>\n\t\t\t\t\t\t\t<\/div>\n\t\t<\/section>\n\t\t\t\t\t\t<\/div>\n\t\t\t\t\t<\/div>\n\t\t","protected":false},"excerpt":{"rendered":"<p>L&rsquo;ONZFI en bref L\u2019Office National des Zones Franches Industrielles (ONZFI) du Cameroun, est un organise \u00e0 but non lucratif charg\u00e9 de superviser et d\u2019administrer le programme des zones franches industrielles au Cameroun. En tant qu\u2019organisme domin\u00e9 par le secteur priv\u00e9, l\u2019ONZFI peut v\u00e9ritablement fonctionner comme un organisme multi-services capable d\u2019exp\u00e9dier l\u2019approbation des investissements et les<\/p>\n","protected":false},"author":2,"featured_media":0,"parent":0,"menu_order":0,"comment_status":"closed","ping_status":"closed","template":"","meta":{"_bbp_topic_count":0,"_bbp_reply_count":0,"_bbp_total_topic_count":0,"_bbp_total_reply_count":0,"_bbp_voice_count":0,"_bbp_anonymous_reply_count":0,"_bbp_topic_count_hidden":0,"_bbp_reply_count_hidden":0,"_bbp_forum_subforum_count":0},"_links":{"self":[{"href":"https:\/\/www.onzfi.org\/index.php\/wp-json\/wp\/v2\/pages\/17529"}],"collection":[{"href":"https:\/\/www.onzfi.org\/index.php\/wp-json\/wp\/v2\/pages"}],"about":[{"href":"https:\/\/www.onzfi.org\/index.php\/wp-json\/wp\/v2\/types\/page"}],"author":[{"embeddable":true,"href":"https:\/\/www.onzfi.org\/index.php\/wp-json\/wp\/v2\/users\/2"}],"replies":[{"embeddable":true,"href":"https:\/\/www.onzfi.org\/index.php\/wp-json\/wp\/v2\/comments?post=17529"}],"version-history":[{"count":21,"href":"https:\/\/www.onzfi.org\/index.php\/wp-json\/wp\/v2\/pages\/17529\/revisions"}],"predecessor-version":[{"id":17893,"href":"https:\/\/www.onzfi.org\/index.php\/wp-json\/wp\/v2\/pages\/17529\/revisions\/17893"}],"wp:attachment":[{"href":"https:\/\/www.onzfi.org\/index.php\/wp-json\/wp\/v2\/media?parent=17529"}],"curies":[{"name":"wp","href":"https:\/\/api.w.org\/{rel}","templated":true}]}}